{"id":6,"date":"2010-06-16T18:52:31","date_gmt":"2010-06-16T18:52:31","guid":{"rendered":"http:\/\/www.colegiopuertosol.es\/wp\/?page_id=6"},"modified":"2016-07-27T14:26:57","modified_gmt":"2016-07-27T14:26:57","slug":"servicios","status":"publish","type":"page","link":"https:\/\/old.colegiopuertosol.net\/?page_id=6","title":{"rendered":"Servicios"},"content":{"rendered":"<p style=\"text-align: justify;\"><a href=\"http:\/\/old.colegiopuertosol.net\/wp-content\/uploads\/servicios-general.jpg\"><img loading=\"lazy\" decoding=\"async\" class=\"size-full wp-image-15382 alignleft\" src=\"http:\/\/old.colegiopuertosol.net\/wp-content\/uploads\/servicios-general.jpg\" alt=\"servicios-general\" width=\"290\" height=\"226\" \/><\/a><\/p>\n<p style=\"text-align: justify;\">El Colegio complementa su actividad educativa con un amplio conjunto de servicios que cubren las necesidades de los alumnos a lo largo del curso escolar.<\/p>\n<p style=\"text-align: justify;\">De esta manera nuestro alumnado puede acceder a una oferta integral de servicios que complementan su formaci\u00f3n acad\u00e9mica con <strong>actividades extraescolares (culturales y deportivas)<\/strong> y facilitan la conciliaci\u00f3n de la vida laboral de las familias con el desarrollo del curso escolar <strong>(transporte, comedor, aula matinal, cursos de verano,&#8230;)<\/strong><\/p>\n<p style=\"text-align: justify;\">\n<p style=\"text-align: justify;\"><a href=\"http:\/\/old.colegiopuertosol.net\/wp-content\/uploads\/servicios-matinal.jpg\"><img loading=\"lazy\" decoding=\"async\" class=\" wp-image-15385 alignright\" src=\"http:\/\/old.colegiopuertosol.net\/wp-content\/uploads\/servicios-matinal.jpg\" alt=\"servicios-matinal\" width=\"160\" height=\"190\" \/><\/a>La Actividad del Aula Matinal esta orientada para aquellos padres que por razones laborales no pueden estar con sus hijos entre las siete y media y las nueve y media de la ma\u00f1ana, hora en que comienzan las clases.<\/p>\n<p style=\"text-align: justify;\">En este tiempo se aprovecha para que los alumnos desayunen y realizen actividades complementarias (cuenta cuentos, biblioteca, estudio,etc..) siempre acompa\u00f1ados de los monitores del Colegio.<\/p>\n<p style=\"text-align: justify;\">\n<p style=\"text-align: justify;\">\n<p style=\"text-align: justify;\"><a href=\"http:\/\/old.colegiopuertosol.net\/wp-content\/uploads\/servicios-comedor.jpg\"><img loading=\"lazy\" decoding=\"async\" class=\"size-full wp-image-15386 alignleft\" src=\"http:\/\/old.colegiopuertosol.net\/wp-content\/uploads\/servicios-comedor.jpg\" alt=\"servicios-comedor\" width=\"250\" height=\"240\" \/><\/a>El colegio proporciona un servicio completo de comidas a lo largo del d\u00eda en el comedor escolar. Desayuno, almuerzo y merienda son elaborados siguiendo los\u00a0\u00a0\u00a0\u00a0 consejos de un experto en nutrici\u00f3n infantil y juvenil. El servicio en general est\u00e1 supervisado por un laboratorio externo que garantiza la calidad del mismo en todos sus aspectos.Existe un comedor independiente para los alumnos de educaci\u00f3n infatil, los cuales necesitan una atenci\u00f3n m\u00e1s personalizada y mobiliario adaptado.<\/p>\n<p style=\"text-align: justify;\">El comedor escolar supone, adem\u00e1s, una excelente oportunidad para proyectar nuestros compromisos educativos en un \u00e1mbito muy sensible a la educaci\u00f3n para la salud, la socializaci\u00f3n y las buenas maneras.<\/p>\n<p style=\"text-align: justify;\">Puede consultar el men\u00fa mensual del servicio en la seccion de Comedor en Secretar\u00eda:<\/p>\n<p style=\"text-align: justify;\"><a href=\"http:\/\/www.colegiopuertosol.net\/wp\/?cat=4\">http:\/\/www.colegiopuertosol.net\/wp\/?cat=4<\/a><\/p>\n<p style=\"text-align: justify;\">Para una informaci\u00f3n m\u00e1s detallada de todas estas opciones pueden ponerse en contacto con la Secretar\u00eda del Colegio.<\/p>\n","protected":false},"excerpt":{"rendered":"<p>El Colegio complementa su actividad educativa con un amplio conjunto de servicios que cubren las necesidades de los alumnos a lo largo del curso escolar. De esta manera nuestro alumnado puede acceder a una oferta integral de servicios que complementan su formaci\u00f3n acad\u00e9mica con actividades extraescolares (culturales y deportivas) y facilitan la conciliaci\u00f3n de la [&hellip;]<\/p>\n","protected":false},"author":1,"featured_media":8,"parent":0,"menu_order":0,"comment_status":"closed","ping_status":"open","template":"","meta":{"footnotes":""},"class_list":["post-6","page","type-page","status-publish","has-post-thumbnail","hentry"],"_links":{"self":[{"href":"https:\/\/old.colegiopuertosol.net\/index.php?rest_route=\/wp\/v2\/pages\/6","targetHints":{"allow":["GET"]}}],"collection":[{"href":"https:\/\/old.colegiopuertosol.net\/index.php?rest_route=\/wp\/v2\/pages"}],"about":[{"href":"https:\/\/old.colegiopuertosol.net\/index.php?rest_route=\/wp\/v2\/types\/page"}],"author":[{"embeddable":true,"href":"https:\/\/old.colegiopuertosol.net\/index.php?rest_route=\/wp\/v2\/users\/1"}],"replies":[{"embeddable":true,"href":"https:\/\/old.colegiopuertosol.net\/index.php?rest_route=%2Fwp%2Fv2%2Fcomments&post=6"}],"version-history":[{"count":10,"href":"https:\/\/old.colegiopuertosol.net\/index.php?rest_route=\/wp\/v2\/pages\/6\/revisions"}],"predecessor-version":[{"id":15387,"href":"https:\/\/old.colegiopuertosol.net\/index.php?rest_route=\/wp\/v2\/pages\/6\/revisions\/15387"}],"wp:featuredmedia":[{"embeddable":true,"href":"https:\/\/old.colegiopuertosol.net\/index.php?rest_route=\/wp\/v2\/media\/8"}],"wp:attachment":[{"href":"https:\/\/old.colegiopuertosol.net\/index.php?rest_route=%2Fwp%2Fv2%2Fmedia&parent=6"}],"curies":[{"name":"wp","href":"https:\/\/api.w.org\/{rel}","templated":true}]}}