{"id":2863,"date":"2011-06-06T09:59:29","date_gmt":"2011-06-06T09:59:29","guid":{"rendered":"http:\/\/www.colegiopuertosol.es\/wp\/?page_id=2863"},"modified":"2011-06-06T09:59:48","modified_gmt":"2011-06-06T09:59:48","slug":"politica-de-privacidad","status":"publish","type":"page","link":"https:\/\/old.colegiopuertosol.net\/?page_id=2863","title":{"rendered":"Pol\u00edtica de Privacidad"},"content":{"rendered":"<p>A efecto de lo previsto en la Ley Org\u00e1nica 15\/1999, de 13 de diciembre, de Protecci\u00f3n de Datos de Car\u00e1cter Personal COLEGIO PUERTOSOL. (DUMIN S.A.) con CIF: A-29084217 informa al Usuario de la existencia de un fichero automatizado de datos de car\u00e1cter personal denominado \u201cCONSULTASEMAIL PAG.WEB\u201d inscrito en el Registro General de Protecci\u00f3n de Datos, creado con finalidades de asesoramiento e informaci\u00f3n acerca de los productos y servicios de la empresa y la fidelizaci\u00f3n de clientes.<\/p>\n<p><strong>ENVIO Y REGISTRO DE DATOS DE CAR\u00c1CTER PERSONAL<\/strong><\/p>\n<p>El env\u00edo de datos de car\u00e1cter personal es obligatorio para contactar y recibir informaci\u00f3n sobre los servicios prestados por COLEGIO PUERTOSOL. (DUMIN S.A.) Asimismo, el no facilitar los datos personales solicitados o el no aceptar la presente pol\u00edtica de protecci\u00f3n de datos supone la imposibilidad de suscribirse, registrarse o recibir informaci\u00f3n de dichos servicios.<\/p>\n<p>De acuerdo a lo establecido en la Ley Org\u00e1nica 15\/1999, de 13 de diciembre, de Protecci\u00f3n de Datos de Car\u00e1cter Personal, le informamos que los datos personales que se obtengan como consecuencia de su env\u00edo de datos personales, ser\u00e1n incorporados a un fichero titularidad de COLEGIO PUERTOSOL. (DUMIN S.A.) con domicilio en direcci\u00f3n c\/ Zarzamora, 23 29190 Puerto de la Torre M\u00e1laga teniendo implementadas todas las medidas de seguridad establecidas en el Real Decreto 1720\/2007, de 21 de diciembre.<\/p>\n<p><strong>Exactitud y veracidad de los datos facilitados<\/strong><\/p>\n<p>El Usuario que env\u00eda la informaci\u00f3n a COLEGIO PUERTOSOL. (DUMIN S.A.) es el \u00fanico responsable de la veracidad y correcci\u00f3n de los datos incluidos, exoner\u00e1ndose COLEGIO PUERTOSOL. (DUMIN S.A.) de cualquier responsabilidad al respecto.<\/p>\n<p>Los usuarios garantizan y responden, en cualquier caso, de la exactitud, vigencia y autenticidad de los datos personales facilitados, y se comprometen a mantenerlos debidamente actualizados. El usuario acepta proporcionar informaci\u00f3n completa y correcta en el formulario de registro o suscripci\u00f3n.<\/p>\n<p>COLEGIO PUERTOSOL. (DUMIN S.A.) no responde de la veracidad de las informaciones que no sean de elaboraci\u00f3n propia y de las que se indique otra fuente, por lo que tampoco asume responsabilidad alguna en cuanto a hipot\u00e9ticos perjuicios que pudieran originarse por el uso de dicha informaci\u00f3n.<\/p>\n<p>Se exonera a COLEGIO PUERTOSOL. (DUMIN S.A.) de responsabilidad ante cualquier da\u00f1o o perjuicio que pudiera sufrir el Usuario como consecuencia de errores, defectos u omisiones, en la informaci\u00f3n facilitada por COLEGIO PUERTOSOL. (DUMIN S.A.) siempre que proceda de fuentes ajenas a COLEGIO PUERTOSOL. (DUMIN S.A.)<\/p>\n<p><strong>Cesi\u00f3n de datos a terceros<\/strong><\/p>\n<p>COLEGIO PUERTOSOL. (DUMIN S.A.) ceder\u00e1 datos personales a terceros. No obstante, el afectado podr\u00e1 oponerse a la cesi\u00f3n de sus datos dirigi\u00e9ndose a la direcci\u00f3n postal o de correo electr\u00f3nico especificada en la siguiente cl\u00e1usula.<\/p>\n<p>Ejercicio de derechos de acceso, rectificaci\u00f3n, cancelaci\u00f3n y oposici\u00f3n<br \/>\nPodr\u00e1 dirigir sus comunicaciones y ejercitar los derechos de acceso, rectificaci\u00f3n, cancelaci\u00f3n y oposici\u00f3n a trav\u00e9s de correo postal en la direcci\u00f3n c\/ Zarzamora, 23 29190 Puerto de la Torre M\u00e1laga o a trav\u00e9s de correo electr\u00f3nico a  epuertosol@colegiopuertosol.es  junto con prueba v\u00e1lida en derecho, como fotocopia del D.N.I. e indicando en el asunto \u00abPROTECCI\u00d3N DE DATOS\u00bb.<\/p>\n<p><strong>Aceptaci\u00f3n y Consentimiento<\/strong><\/p>\n<p>El Usuario declara haber sido informado de las condiciones sobre protecci\u00f3n de datos de car\u00e1cter personal, aceptando y consintiendo el tratamiento de los mismos por parte de COLEGIO PUERTOSOL. (DUMIN S.A.) en la forma y para las finalidades indicadas en la presente Pol\u00edtica de Protecci\u00f3n de Datos Personales.<\/p>\n<p>CAMBIOS EN LA PRESENTE POL\u00cdTICA DE PRIVACIDAD<\/p>\n<p>COLEGIO PUERTOSOL. (DUMIN S.A.) se reserva el derecho a modificar la presente pol\u00edtica para adaptarla a novedades legislativas o jurisprudenciales as\u00ed como a pr\u00e1cticas de la industria.<\/p>\n<p>En dichos supuestos, COLEGIO PUERTOSOL. (DUMIN S.A.) anunciar\u00e1 en esta p\u00e1gina los cambios introducidos con razonable antelaci\u00f3n a su puesta en pr\u00e1ctica.<\/p>\n<p>\u00a9 2011 COLEGIO PUERTOSOL. (DUMIN S.A.). Todos los derechos reservados.<\/p>\n","protected":false},"excerpt":{"rendered":"<p>A efecto de lo previsto en la Ley Org\u00e1nica 15\/1999, de 13 de diciembre, de Protecci\u00f3n de Datos de Car\u00e1cter Personal COLEGIO PUERTOSOL. (DUMIN S.A.) con CIF: A-29084217 informa al Usuario de la existencia de un fichero automatizado de datos de car\u00e1cter personal denominado \u201cCONSULTASEMAIL PAG.WEB\u201d inscrito en el Registro General de Protecci\u00f3n de Datos, [&hellip;]<\/p>\n","protected":false},"author":1,"featured_media":0,"parent":2,"menu_order":0,"comment_status":"closed","ping_status":"open","template":"","meta":{"footnotes":""},"class_list":["post-2863","page","type-page","status-publish","hentry"],"_links":{"self":[{"href":"https:\/\/old.colegiopuertosol.net\/index.php?rest_route=\/wp\/v2\/pages\/2863","targetHints":{"allow":["GET"]}}],"collection":[{"href":"https:\/\/old.colegiopuertosol.net\/index.php?rest_route=\/wp\/v2\/pages"}],"about":[{"href":"https:\/\/old.colegiopuertosol.net\/index.php?rest_route=\/wp\/v2\/types\/page"}],"author":[{"embeddable":true,"href":"https:\/\/old.colegiopuertosol.net\/index.php?rest_route=\/wp\/v2\/users\/1"}],"replies":[{"embeddable":true,"href":"https:\/\/old.colegiopuertosol.net\/index.php?rest_route=%2Fwp%2Fv2%2Fcomments&post=2863"}],"version-history":[{"count":2,"href":"https:\/\/old.colegiopuertosol.net\/index.php?rest_route=\/wp\/v2\/pages\/2863\/revisions"}],"predecessor-version":[{"id":2865,"href":"https:\/\/old.colegiopuertosol.net\/index.php?rest_route=\/wp\/v2\/pages\/2863\/revisions\/2865"}],"up":[{"embeddable":true,"href":"https:\/\/old.colegiopuertosol.net\/index.php?rest_route=\/wp\/v2\/pages\/2"}],"wp:attachment":[{"href":"https:\/\/old.colegiopuertosol.net\/index.php?rest_route=%2Fwp%2Fv2%2Fmedia&parent=2863"}],"curies":[{"name":"wp","href":"https:\/\/api.w.org\/{rel}","templated":true}]}}