{"id":2861,"date":"2011-06-06T09:53:40","date_gmt":"2011-06-06T09:53:40","guid":{"rendered":"http:\/\/www.colegiopuertosol.es\/wp\/?page_id=2861"},"modified":"2011-11-21T10:22:17","modified_gmt":"2011-11-21T10:22:17","slug":"aviso-legal","status":"publish","type":"page","link":"https:\/\/old.colegiopuertosol.net\/?page_id=2861","title":{"rendered":"Aviso legal"},"content":{"rendered":"<p>OBJETO<\/p>\n<p>El presente aviso legal (en adelante, el \u00abAviso Legal\u00bb) regula el uso del sitio web www.colegiopuertosol.es (en adelante, el \u00abSitio Web\u00bb) de:<\/p>\n<p>COLEGIO PUERTOSOL. (DUMIN S.A.)<\/p>\n<p>CIF : A-29084217<\/p>\n<p>c\/ Zarzamora, 23<br \/>\n29190 Puerto de la torre . M\u00e1laga<br \/>\nTlf. 952 432 008<br \/>\nE-Mail: epuertosol@colegiopuertosol.es<\/p>\n<p>Legislaci\u00f3n<br \/>\nCon car\u00e1cter general las relaciones entre COLEGIO PUERTOSOL. (DUMIN S.A.) con los Usuarios de sus servicios telem\u00e1ticos, presentes en este sitio web, se encuentran sometidas a la legislaci\u00f3n y jurisdicci\u00f3n espa\u00f1olas.<\/p>\n<p>Uso y acceso de Usuarios<\/p>\n<p>El Usuario queda informado, y acepta, que el acceso a la presente web no supone, en modo alguno, el inicio de una relaci\u00f3n comercial con COLEGIO PUERTOSOL. (DUMIN S.A.) o cualquiera de sus delegaciones.<\/p>\n<p>Propiedad intelectual e industrial<\/p>\n<p>Los derechos de propiedad intelectual del contenido de las p\u00e1ginas web, su dise\u00f1o gr\u00e1fico y c\u00f3digos son titularidad con COLEGIO PUERTOSOL. (DUMIN S.A.) y, por tanto, queda prohibida su reproducci\u00f3n, distribuci\u00f3n, comunicaci\u00f3n p\u00fablica, transformaci\u00f3n o cualquier otra actividad que se pueda realizar con los contenidos de sus p\u00e1ginas web ni a\u00fan citando las fuentes, salvo consentimiento por escrito de con COLEGIO PUERTOSOL. (DUMIN S.A.)<\/p>\n<p>Contenido de la web y enlaces (links)<\/p>\n<p>COLEGIO PUERTOSOL. (DUMIN S.A.) se reserva el derecho a actualizar, modificar o eliminar la informaci\u00f3n contenida en sus p\u00e1ginas web pudiendo incluso limitar o no permitir el acceso a dicha informaci\u00f3n a ciertos usuarios.<\/p>\n<p>COLEGIO PUERTOSOL. (DUMIN S.A.) no asume responsabilidad alguna por la informaci\u00f3n contenida en p\u00e1ginas web de terceros a las que se pueda acceder por \u00ablinks\u00bb o enlaces desde cualquier p\u00e1gina web con COLEGIO PUERTOSOL. (DUMIN S.A.)<\/p>\n<p>La presencia de \u00ablinks\u00bb o enlaces en las p\u00e1ginas web de terceros con COLEGIO PUERTOSOL. (DUMIN S.A.) tiene finalidad meramente informativa y en ning\u00fan caso supone sugerencia, invitaci\u00f3n o recomendaci\u00f3n sobre los mismos.<\/p>\n","protected":false},"excerpt":{"rendered":"<p>OBJETO El presente aviso legal (en adelante, el \u00abAviso Legal\u00bb) regula el uso del sitio web www.colegiopuertosol.es (en adelante, el \u00abSitio Web\u00bb) de: COLEGIO PUERTOSOL. (DUMIN S.A.) CIF : A-29084217 c\/ Zarzamora, 23 29190 Puerto de la torre . M\u00e1laga Tlf. 952 432 008 E-Mail: epuertosol@colegiopuertosol.es Legislaci\u00f3n Con car\u00e1cter general las relaciones entre COLEGIO PUERTOSOL. [&hellip;]<\/p>\n","protected":false},"author":1,"featured_media":0,"parent":2,"menu_order":0,"comment_status":"closed","ping_status":"open","template":"","meta":{"footnotes":""},"class_list":["post-2861","page","type-page","status-publish","hentry"],"_links":{"self":[{"href":"https:\/\/old.colegiopuertosol.net\/index.php?rest_route=\/wp\/v2\/pages\/2861","targetHints":{"allow":["GET"]}}],"collection":[{"href":"https:\/\/old.colegiopuertosol.net\/index.php?rest_route=\/wp\/v2\/pages"}],"about":[{"href":"https:\/\/old.colegiopuertosol.net\/index.php?rest_route=\/wp\/v2\/types\/page"}],"author":[{"embeddable":true,"href":"https:\/\/old.colegiopuertosol.net\/index.php?rest_route=\/wp\/v2\/users\/1"}],"replies":[{"embeddable":true,"href":"https:\/\/old.colegiopuertosol.net\/index.php?rest_route=%2Fwp%2Fv2%2Fcomments&post=2861"}],"version-history":[{"count":3,"href":"https:\/\/old.colegiopuertosol.net\/index.php?rest_route=\/wp\/v2\/pages\/2861\/revisions"}],"predecessor-version":[{"id":3874,"href":"https:\/\/old.colegiopuertosol.net\/index.php?rest_route=\/wp\/v2\/pages\/2861\/revisions\/3874"}],"up":[{"embeddable":true,"href":"https:\/\/old.colegiopuertosol.net\/index.php?rest_route=\/wp\/v2\/pages\/2"}],"wp:attachment":[{"href":"https:\/\/old.colegiopuertosol.net\/index.php?rest_route=%2Fwp%2Fv2%2Fmedia&parent=2861"}],"curies":[{"name":"wp","href":"https:\/\/api.w.org\/{rel}","templated":true}]}}