{"id":23170,"date":"2019-11-13T15:45:24","date_gmt":"2019-11-13T15:45:24","guid":{"rendered":"http:\/\/old.colegiopuertosol.net\/?page_id=23170"},"modified":"2024-06-24T10:13:18","modified_gmt":"2024-06-24T10:13:18","slug":"uniformes","status":"publish","type":"page","link":"https:\/\/old.colegiopuertosol.net\/?page_id=23170","title":{"rendered":"Uniformes"},"content":{"rendered":"\n<p><strong>CURSO 2024-25<\/strong><\/p>\n\n\n\n<p><\/p>\n\n\n\n<p>Tal y como en a\u00f1os anteriores la compra de uniformes se podr\u00e1 hacer a trav\u00e9s de nuestra tienda online. Las compras realizadas a partir del 24 de junio se recoger\u00e1n a la vuelta de las vacaciones en horario de tienda f\u00edsica. No ser\u00e1 necesario esperar cola. A partir del 10 de septiembre , 16 en el caso de secundaria, ser\u00e1n entregados al alumno o alumna en clase.<\/p>\n\n\n\n<p><br>Para poder realizar sus compras les facilitamos el enlace y tutoriales:<\/p>\n\n\n\n<p>Enlace a la tienda online : <a href=\"https:\/\/tienda.colegiopuertosol.net\/\">Enlace<\/a><\/p>\n\n\n\n<p>Tutorial de compra, cambio o devoluci\u00f3n: <a href=\"https:\/\/colegiopuertosol.net\/wp\/?p=26576\">Enlace<\/a><\/p>\n\n\n\n<p><strong>Horario tienda f\u00edsica:<\/strong> <\/p>\n\n\n\n<ul class=\"wp-block-list\">\n<li>Desde el d\u00eda <strong>mi\u00e9rcoles 28 de agosto hasta el d\u00eda viernes 6 de septiembre,<\/strong> <strong>de<\/strong> <strong>11:00h. a 14:00h. y de 17:30h. a 19:30h.<\/strong><\/li>\n\n\n\n<li><strong>Desde el d\u00eda martes 10 al d\u00eda viernes 13 de septiembre, de 9:30h. a 12:45h. y de 17:00h. a 19:00h.<\/strong><\/li>\n<\/ul>\n\n\n\n<p>Para una mejor atenci\u00f3n, se aconseja el siguiente calendario:<\/p>\n\n\n\n<p><strong>Del 28 de agosto al 3 de septiembre ..\u2026\u2026.Alumnado de nueva incorporaci\u00f3n. <\/strong><\/p>\n\n\n\n<p><strong>Del 4 al 6 de septiembre \u2026\u2026&#8230;Educaci\u00f3n Infantil y Primaria<\/strong>.<\/p>\n\n\n\n<p><strong>Del 10 al 13 de septiembre \u2026&#8230;Educaci\u00f3n Secundaria y Bachillerato.<\/strong><\/p>\n\n\n\n<p><\/p>\n\n\n\n<p>Se har\u00e1n dos colas diferenciadas, compra en tienda y recogida de pedidos online.<\/p>\n\n\n\n<p>Para la compra en tienda f\u00edsica tambi\u00e9n ser\u00e1 necesario crearse un perfil de usuario, podr\u00e1n darse de alta en el enlace de la tienda facilitado anteriormente.<\/p>\n\n\n\n<div class=\"wp-block-file\"><a id=\"wp-block-file--media-6d2e7f1b-328c-4626-a94d-ffb1b1328e9e\" href=\"http:\/\/old.colegiopuertosol.net\/wp-content\/uploads\/2019\/11\/SCAN-0114-1-e1573658318745.png\">Gu\u00eda de tallas prendas superiores<\/a><a href=\"http:\/\/old.colegiopuertosol.net\/wp-content\/uploads\/2019\/11\/SCAN-0114-1-e1573658318745.png\" class=\"wp-block-file__button wp-element-button\" download aria-describedby=\"wp-block-file--media-6d2e7f1b-328c-4626-a94d-ffb1b1328e9e\">Descarga<\/a><\/div>\n\n\n\n<div class=\"wp-block-file\"><a id=\"wp-block-file--media-7d4bab8b-1a2a-4955-a22e-0bbe57830f38\" href=\"https:\/\/colegiopuertosol.net\/wp\/wp-content\/uploads\/2020\/08\/Guia-talla-falda.pdf\">Gu\u00eda talla falda<\/a><a href=\"https:\/\/colegiopuertosol.net\/wp\/wp-content\/uploads\/2020\/08\/Guia-talla-falda.pdf\" class=\"wp-block-file__button wp-element-button\" download aria-describedby=\"wp-block-file--media-7d4bab8b-1a2a-4955-a22e-0bbe57830f38\">Descarga<\/a><\/div>\n\n\n\n<div class=\"wp-block-file\"><a id=\"wp-block-file--media-bcaf6c7c-9d96-43f8-a459-ef5dcc386c83\" href=\"https:\/\/colegiopuertosol.net\/wp\/wp-content\/uploads\/2020\/08\/Guia-talla-pantalon.pdf\">Gu\u00eda talla pantal\u00f3n largo<\/a><a href=\"https:\/\/colegiopuertosol.net\/wp\/wp-content\/uploads\/2020\/08\/Guia-talla-pantalon.pdf\" class=\"wp-block-file__button wp-element-button\" download aria-describedby=\"wp-block-file--media-bcaf6c7c-9d96-43f8-a459-ef5dcc386c83\">Descarga<\/a><\/div>\n\n\n\n<div class=\"wp-block-file\"><a id=\"wp-block-file--media-f116f496-1c64-4742-ad60-44a1462021f7\" href=\"https:\/\/colegiopuertosol.net\/wp\/wp-content\/uploads\/2020\/08\/Guia-talla-pantalon-corto.pdf\">Gu\u00eda talla pantal\u00f3n corto<\/a><a href=\"https:\/\/colegiopuertosol.net\/wp\/wp-content\/uploads\/2020\/08\/Guia-talla-pantalon-corto.pdf\" class=\"wp-block-file__button wp-element-button\" download aria-describedby=\"wp-block-file--media-f116f496-1c64-4742-ad60-44a1462021f7\">Descarga<\/a><\/div>\n\n\n\n<p class=\"has-text-align-center has-medium-font-size\"><strong>PRENDAS DE VESTIR DEL COLEGIO PUERTOSOL<\/strong><\/p>\n\n\n\n<p class=\"has-text-align-center\"><br><strong> PARA NI\u00d1AS<\/strong><br> &#8211; Polo blanco con ribete amarillo y verde y escudo del Colegio.<br> &#8211; Jersey de pico verde oscuro con ribete amarillo y escudo del Colegio.<br> &#8211; Falda pantal\u00f3n gris o falda.<br> &#8211; Calcetines, leotardos o medias de color verde oscuro.<br> &#8211; Zapatos negros.<br> &#8211; Babero rayas verdes y blancas para Educaci\u00f3n Infantil y escudo del Colegio<br> &#8211; Chaquet\u00f3n \u2013 chubasquero de color verde botella con escudo del Colegio.<br><strong> <\/strong><br><strong>PARA NI\u00d1OS<\/strong><br> &#8211; Pantal\u00f3n gris con escudo del Colegio en la presilla.<br> &#8211; Polo blanco con ribete amarillo y verde y escudo del Colegio.<br> &#8211; Jersey de pico verde oscuro con ribete amarillo y escudo del Colegio.<br> &#8211; Calcetines verde oscuro.<br> &#8211; Cintur\u00f3n negro.<br> &#8211; Zapatos negros.<br> &#8211; Babero rayas verdes y blancas para Educaci\u00f3n Infantil, y escudo del<br> Colegio.<br> &#8211; Chaquet\u00f3n \u2013 chubasquero de color verde botella con escudo del Colegio.<br><br><strong>EQUIPACI\u00d3N DE EDUCACI\u00d3N F\u00cdSICA Y DEPORTE<\/strong><br> &#8211; Camiseta con cuello de pico (verde \/ amarilla) con escudo y nombre del<br> Colegio<br> &#8211; Calz\u00f3n verde con banda amarilla \/ blanca.<br> &#8211; Sudadera gris con motivos blancos, verdes y amarillos con escudo y<br> nombre del Colegio<br> &#8211; Calcetines blancos.<br> &#8211; Zapatillas deportivas.<br> &#8211; Ch\u00e1ndal OFICIAL verde con motivos blancos y amarillos, con escudo y<br> nombre del Colegio <\/p>\n\n\n\n<p class=\"has-text-align-left\"><br>El Uniforme es obligatorio para todo el alumnado de Educaci\u00f3n Infantil, Educaci\u00f3n Primaria y Educaci\u00f3n Secundaria Obligatoria. Asimismo, se solicita al alumnado de Bachillerato que asista a clase con las prendas adecuadas a las normas del Centro.<br><br> El equipo de Educaci\u00f3n F\u00edsica es obligatorio para todo el alumnado de Educaci\u00f3n Infantil, Educaci\u00f3n Primaria, Educaci\u00f3n Secundaria Obligatoria y 1\u00ba de Bachillerato, tanto en la ense\u00f1anza reglada como en las actividades extraescolares. Para salir del Centro, bien en actividades complementarias, bien en actividades extraescolares se deber\u00e1 usar el ch\u00e1ndal oficial completo, excepto cuando se indique lo contrario para determinadas actividades. <br><br>Se recomienda que las prendas de vestir, las prendas deportivas y los baberos se marquen con el nombre y apellidos del alumno o alumna y n\u00famero de inscripci\u00f3n.<br><br>Todas las prendas de vestir y deportivas podr\u00e1n adquirirse, gracias a la colaboraci\u00f3n de las empresas de confecci\u00f3n, en la sede del Club Deportivo Puertosol.<br><br> <strong>LA DIRECCI\u00d3N<\/strong><\/p>\n\n\n<div class=\"wp-block-image\">\n<figure class=\"aligncenter\"><img decoding=\"async\" src=\"http:\/\/old.colegiopuertosol.net\/wp-content\/uploads\/2019\/11\/IMG_9472-e1573658091250.jpg\" alt=\"\" class=\"wp-image-23169\"\/><figcaption class=\"wp-element-caption\"><br><\/figcaption><\/figure><\/div>\n\n\n<figure class=\"wp-block-gallery has-nested-images columns-default is-cropped aligncenter wp-block-gallery-1 is-layout-flex wp-block-gallery-is-layout-flex\">\n<figure class=\"wp-block-image size-large\"><img loading=\"lazy\" decoding=\"async\" width=\"480\" height=\"640\" data-id=\"23173\" src=\"http:\/\/old.colegiopuertosol.net\/wp-content\/uploads\/2019\/11\/IMG_9475-e1573658536981.jpg\" alt=\"\" class=\"wp-image-23173\" srcset=\"https:\/\/old.colegiopuertosol.net\/wp-content\/uploads\/2019\/11\/IMG_9475-e1573658536981.jpg 480w, https:\/\/old.colegiopuertosol.net\/wp-content\/uploads\/2019\/11\/IMG_9475-e1573658536981-225x300.jpg 225w\" sizes=\"auto, (max-width: 480px) 100vw, 480px\" \/><\/figure>\n\n\n\n<figure class=\"wp-block-image size-large\"><img loading=\"lazy\" decoding=\"async\" width=\"480\" height=\"640\" data-id=\"23174\" src=\"http:\/\/old.colegiopuertosol.net\/wp-content\/uploads\/2019\/11\/IMG_9491-e1573658610233.jpg\" alt=\"\" class=\"wp-image-23174\" srcset=\"https:\/\/old.colegiopuertosol.net\/wp-content\/uploads\/2019\/11\/IMG_9491-e1573658610233.jpg 480w, https:\/\/old.colegiopuertosol.net\/wp-content\/uploads\/2019\/11\/IMG_9491-e1573658610233-225x300.jpg 225w\" sizes=\"auto, (max-width: 480px) 100vw, 480px\" \/><\/figure>\n<\/figure>\n\n\n<div class=\"wp-block-image\">\n<figure class=\"aligncenter\"><img loading=\"lazy\" decoding=\"async\" width=\"1024\" height=\"724\" src=\"http:\/\/old.colegiopuertosol.net\/wp-content\/uploads\/2019\/11\/SCAN-0114-1-e1573658318745-1024x724.png\" alt=\"\" class=\"wp-image-23172\" srcset=\"https:\/\/old.colegiopuertosol.net\/wp-content\/uploads\/2019\/11\/SCAN-0114-1-e1573658318745-1024x724.png 1024w, https:\/\/old.colegiopuertosol.net\/wp-content\/uploads\/2019\/11\/SCAN-0114-1-e1573658318745-300x212.png 300w, https:\/\/old.colegiopuertosol.net\/wp-content\/uploads\/2019\/11\/SCAN-0114-1-e1573658318745-768x543.png 768w\" sizes=\"auto, (max-width: 1024px) 100vw, 1024px\" \/><figcaption class=\"wp-element-caption\">Gu\u00eda talla: Polos, jers\u00e9is, c\u00e1rdigan, chaqueta ch\u00e1ndal y chaquet\u00f3n.<\/figcaption><\/figure><\/div>\n\n\n<figure class=\"wp-block-image size-large\"><img loading=\"lazy\" decoding=\"async\" width=\"1024\" height=\"724\" src=\"http:\/\/old.colegiopuertosol.net\/wp-content\/uploads\/2020\/08\/Guia-talla-falda-1024x724.jpg\" alt=\"\" class=\"wp-image-24778\" srcset=\"https:\/\/old.colegiopuertosol.net\/wp-content\/uploads\/2020\/08\/Guia-talla-falda-1024x724.jpg 1024w, https:\/\/old.colegiopuertosol.net\/wp-content\/uploads\/2020\/08\/Guia-talla-falda-300x212.jpg 300w, https:\/\/old.colegiopuertosol.net\/wp-content\/uploads\/2020\/08\/Guia-talla-falda-768x543.jpg 768w, https:\/\/old.colegiopuertosol.net\/wp-content\/uploads\/2020\/08\/Guia-talla-falda.jpg 1122w\" sizes=\"auto, (max-width: 1024px) 100vw, 1024px\" \/><figcaption class=\"wp-element-caption\">Gu\u00eda talla falda<\/figcaption><\/figure>\n\n\n\n<figure class=\"wp-block-image size-large\"><img loading=\"lazy\" decoding=\"async\" width=\"1024\" height=\"724\" src=\"https:\/\/colegiopuertosol.net\/wp\/wp-content\/uploads\/2020\/08\/Gu\u00eda-talla-pantal\u00f3n-1024x724.jpg\" alt=\"\" class=\"wp-image-24780\" srcset=\"https:\/\/old.colegiopuertosol.net\/wp-content\/uploads\/2020\/08\/Gu\u00eda-talla-pantal\u00f3n-1024x724.jpg 1024w, https:\/\/old.colegiopuertosol.net\/wp-content\/uploads\/2020\/08\/Gu\u00eda-talla-pantal\u00f3n-300x212.jpg 300w, https:\/\/old.colegiopuertosol.net\/wp-content\/uploads\/2020\/08\/Gu\u00eda-talla-pantal\u00f3n-768x543.jpg 768w, https:\/\/old.colegiopuertosol.net\/wp-content\/uploads\/2020\/08\/Gu\u00eda-talla-pantal\u00f3n.jpg 1122w\" sizes=\"auto, (max-width: 1024px) 100vw, 1024px\" \/><figcaption class=\"wp-element-caption\">Gu\u00eda talla pantal\u00f3n<\/figcaption><\/figure>\n\n\n\n<figure class=\"wp-block-image size-large\"><img loading=\"lazy\" decoding=\"async\" width=\"1024\" height=\"724\" src=\"https:\/\/colegiopuertosol.net\/wp\/wp-content\/uploads\/2020\/08\/Gu\u00eda-talla-pantal\u00f3n-corto-1024x724.jpg\" alt=\"\" class=\"wp-image-24782\" srcset=\"https:\/\/old.colegiopuertosol.net\/wp-content\/uploads\/2020\/08\/Gu\u00eda-talla-pantal\u00f3n-corto-1024x724.jpg 1024w, https:\/\/old.colegiopuertosol.net\/wp-content\/uploads\/2020\/08\/Gu\u00eda-talla-pantal\u00f3n-corto-300x212.jpg 300w, https:\/\/old.colegiopuertosol.net\/wp-content\/uploads\/2020\/08\/Gu\u00eda-talla-pantal\u00f3n-corto-768x543.jpg 768w, https:\/\/old.colegiopuertosol.net\/wp-content\/uploads\/2020\/08\/Gu\u00eda-talla-pantal\u00f3n-corto.jpg 1122w\" sizes=\"auto, (max-width: 1024px) 100vw, 1024px\" \/><figcaption class=\"wp-element-caption\">Gu\u00eda talla pantal\u00f3n corto<\/figcaption><\/figure>\n\n\n\n<p><\/p>\n","protected":false},"excerpt":{"rendered":"<p>CURSO 2024-25 Tal y como en a\u00f1os anteriores la compra de uniformes se podr\u00e1 hacer a trav\u00e9s de nuestra tienda online. Las compras realizadas a partir del 24 de junio se recoger\u00e1n a la vuelta de las vacaciones en horario de tienda f\u00edsica. No ser\u00e1 necesario esperar cola. A partir del 10 de septiembre , [&hellip;]<\/p>\n","protected":false},"author":66,"featured_media":23169,"parent":0,"menu_order":0,"comment_status":"closed","ping_status":"closed","template":"","meta":{"footnotes":""},"class_list":["post-23170","page","type-page","status-publish","has-post-thumbnail","hentry"],"_links":{"self":[{"href":"https:\/\/old.colegiopuertosol.net\/index.php?rest_route=\/wp\/v2\/pages\/23170","targetHints":{"allow":["GET"]}}],"collection":[{"href":"https:\/\/old.colegiopuertosol.net\/index.php?rest_route=\/wp\/v2\/pages"}],"about":[{"href":"https:\/\/old.colegiopuertosol.net\/index.php?rest_route=\/wp\/v2\/types\/page"}],"author":[{"embeddable":true,"href":"https:\/\/old.colegiopuertosol.net\/index.php?rest_route=\/wp\/v2\/users\/66"}],"replies":[{"embeddable":true,"href":"https:\/\/old.colegiopuertosol.net\/index.php?rest_route=%2Fwp%2Fv2%2Fcomments&post=23170"}],"version-history":[{"count":35,"href":"https:\/\/old.colegiopuertosol.net\/index.php?rest_route=\/wp\/v2\/pages\/23170\/revisions"}],"predecessor-version":[{"id":38729,"href":"https:\/\/old.colegiopuertosol.net\/index.php?rest_route=\/wp\/v2\/pages\/23170\/revisions\/38729"}],"wp:featuredmedia":[{"embeddable":true,"href":"https:\/\/old.colegiopuertosol.net\/index.php?rest_route=\/wp\/v2\/media\/23169"}],"wp:attachment":[{"href":"https:\/\/old.colegiopuertosol.net\/index.php?rest_route=%2Fwp%2Fv2%2Fmedia&parent=23170"}],"curies":[{"name":"wp","href":"https:\/\/api.w.org\/{rel}","templated":true}]}}