{"id":2,"date":"2010-06-16T17:38:39","date_gmt":"2010-06-16T17:38:39","guid":{"rendered":"http:\/\/www.colegiopuertosol.es\/wp\/?page_id=2"},"modified":"2024-04-09T09:57:42","modified_gmt":"2024-04-09T09:57:42","slug":"acerca-de","status":"publish","type":"page","link":"https:\/\/old.colegiopuertosol.net\/?page_id=2","title":{"rendered":"Colegio"},"content":{"rendered":"\n<p><strong>PROYECTO EDUCATIVO<\/strong><\/p>\n\n\n<div class=\"wp-block-image\">\n<figure class=\"alignright\"><a href=\"http:\/\/old.colegiopuertosol.net\/wp-content\/uploads\/psol2.jpg\"><img loading=\"lazy\" decoding=\"async\" width=\"502\" height=\"181\" src=\"http:\/\/old.colegiopuertosol.net\/wp-content\/uploads\/psol2.jpg\" alt=\"psol2\" class=\"wp-image-15374\" srcset=\"https:\/\/old.colegiopuertosol.net\/wp-content\/uploads\/psol2.jpg 502w, https:\/\/old.colegiopuertosol.net\/wp-content\/uploads\/psol2-300x108.jpg 300w\" sizes=\"auto, (max-width: 502px) 100vw, 502px\" \/><\/a><\/figure><\/div>\n\n\n<p>El proyecto educativo del Colegio&nbsp; Puertosol cuenta con el aval de m\u00e1s de <strong>45 a\u00f1<\/strong><strong>os de historia<\/strong> y experiencia al servicio de la formaci\u00f3n integral de su alumnado. Unas instalaciones completas y actuales que permiten el mejor desarrollo de todas las actividades acad\u00e9micas y extraescolares. Un proyecto de formaci\u00f3n integral que cubre todas las etapas educativas y que va m\u00e1s all\u00e1 de la simple adquisici\u00f3n de conocimientos.<\/p>\n\n\n\n<p><strong>FORMACI\u00d3N INTEGRAL<\/strong><\/p>\n\n\n<div class=\"wp-block-image\">\n<figure class=\"alignleft\"><a href=\"http:\/\/old.colegiopuertosol.net\/wp-content\/uploads\/psol5.jpg\"><img loading=\"lazy\" decoding=\"async\" width=\"277\" height=\"576\" src=\"http:\/\/old.colegiopuertosol.net\/wp-content\/uploads\/psol5.jpg\" alt=\"psol5\" class=\"wp-image-15377\" srcset=\"https:\/\/old.colegiopuertosol.net\/wp-content\/uploads\/psol5.jpg 277w, https:\/\/old.colegiopuertosol.net\/wp-content\/uploads\/psol5-144x300.jpg 144w\" sizes=\"auto, (max-width: 277px) 100vw, 277px\" \/><\/a><\/figure><\/div>\n\n\n<p>Desde la etapa Infantil hasta el Bachillerato se trabaja para conseguir&nbsp; el \u00e9xito de nuestros alumnos en el \u00e1mbito acad\u00e9mico buscando&nbsp; su evoluci\u00f3n a nivel personal. Ayudar al ni\u00f1o y la ni\u00f1a de hoy para que desarrolle su potencial y se convierta en el hombre o mujer del ma\u00f1ana; capaz de liderar y asumir con \u00e9xito sus retos y responsabilidades personales, profesionales y sociales.&nbsp; Para ello, el Colegio Puertosol cultiva la pasi\u00f3n por el aprendizaje, el respeto a los dem\u00e1s, la amistad, el compa\u00f1erismo y la b\u00fasqueda de la excelencia. Todos ellos se conjugan con el desarrollo de conocimientos, habilidades y valores en la persona. Sentirse motivado e interesado por el aprendizaje acad\u00e9mico es posible y natural cuando las personas que te rodean tambi\u00e9n est\u00e1n motivadas.<\/p>\n\n\n\n<p>&nbsp;<\/p>\n\n\n\n<p><strong>EN PUERTOSOL NOS SENTIMOS ORGULLOSOS DE CONSEGUIR NUESTRO OBJETIVO:<\/strong><\/p>\n\n\n\n<p><strong>\u00a1 LA MEJOR PREPARACI\u00d3N PARA SU FUTURO!<\/strong><\/p>\n\n\n<div class=\"wp-block-image\">\n<figure class=\"aligncenter\"><a href=\"http:\/\/old.colegiopuertosol.net\/wp-content\/uploads\/pry1.jpg\"><img loading=\"lazy\" decoding=\"async\" width=\"3771\" height=\"1754\" src=\"http:\/\/old.colegiopuertosol.net\/wp-content\/uploads\/pry1.jpg\" alt=\"pry1\" class=\"wp-image-15380\" srcset=\"https:\/\/old.colegiopuertosol.net\/wp-content\/uploads\/pry1.jpg 3771w, https:\/\/old.colegiopuertosol.net\/wp-content\/uploads\/pry1-300x140.jpg 300w, https:\/\/old.colegiopuertosol.net\/wp-content\/uploads\/pry1-768x357.jpg 768w, https:\/\/old.colegiopuertosol.net\/wp-content\/uploads\/pry1-1024x476.jpg 1024w\" sizes=\"auto, (max-width: 3771px) 100vw, 3771px\" \/><\/a><\/figure><\/div>\n\n\n<div class=\"wp-block-file\"><a id=\"wp-block-file--media-4caee664-c618-4e31-9cf3-0e1ff5e1c729\" href=\"https:\/\/colegiopuertosol.net\/wp\/wp-content\/uploads\/2022\/06\/Informacion-a-familias-sobre-proyecto-de-privatizacion-ESO.pdf\">Informacion-a-familias-sobre-proyecto-de-privatizacion-ESO<\/a><a href=\"https:\/\/colegiopuertosol.net\/wp\/wp-content\/uploads\/2022\/06\/Informacion-a-familias-sobre-proyecto-de-privatizacion-ESO.pdf\" class=\"wp-block-file__button wp-element-button\" download aria-describedby=\"wp-block-file--media-4caee664-c618-4e31-9cf3-0e1ff5e1c729\">Descarga<\/a><\/div>\n","protected":false},"excerpt":{"rendered":"<p>PROYECTO EDUCATIVO El proyecto educativo del Colegio&nbsp; Puertosol cuenta con el aval de m\u00e1s de 45 a\u00f1os de historia y experiencia al servicio de la formaci\u00f3n integral de su alumnado. Unas instalaciones completas y actuales que permiten el mejor desarrollo de todas las actividades acad\u00e9micas y extraescolares. Un proyecto de formaci\u00f3n integral que cubre todas [&hellip;]<\/p>\n","protected":false},"author":1,"featured_media":25,"parent":0,"menu_order":0,"comment_status":"closed","ping_status":"open","template":"","meta":{"footnotes":""},"class_list":["post-2","page","type-page","status-publish","has-post-thumbnail","hentry"],"_links":{"self":[{"href":"https:\/\/old.colegiopuertosol.net\/index.php?rest_route=\/wp\/v2\/pages\/2","targetHints":{"allow":["GET"]}}],"collection":[{"href":"https:\/\/old.colegiopuertosol.net\/index.php?rest_route=\/wp\/v2\/pages"}],"about":[{"href":"https:\/\/old.colegiopuertosol.net\/index.php?rest_route=\/wp\/v2\/types\/page"}],"author":[{"embeddable":true,"href":"https:\/\/old.colegiopuertosol.net\/index.php?rest_route=\/wp\/v2\/users\/1"}],"replies":[{"embeddable":true,"href":"https:\/\/old.colegiopuertosol.net\/index.php?rest_route=%2Fwp%2Fv2%2Fcomments&post=2"}],"version-history":[{"count":36,"href":"https:\/\/old.colegiopuertosol.net\/index.php?rest_route=\/wp\/v2\/pages\/2\/revisions"}],"predecessor-version":[{"id":37292,"href":"https:\/\/old.colegiopuertosol.net\/index.php?rest_route=\/wp\/v2\/pages\/2\/revisions\/37292"}],"wp:featuredmedia":[{"embeddable":true,"href":"https:\/\/old.colegiopuertosol.net\/index.php?rest_route=\/wp\/v2\/media\/25"}],"wp:attachment":[{"href":"https:\/\/old.colegiopuertosol.net\/index.php?rest_route=%2Fwp%2Fv2%2Fmedia&parent=2"}],"curies":[{"name":"wp","href":"https:\/\/api.w.org\/{rel}","templated":true}]}}