{"id":19635,"date":"2018-10-01T12:16:25","date_gmt":"2018-10-01T12:16:25","guid":{"rendered":"http:\/\/old.colegiopuertosol.net\/?page_id=19635"},"modified":"2024-09-20T15:52:34","modified_gmt":"2024-09-20T15:52:34","slug":"extraescolares","status":"publish","type":"page","link":"https:\/\/old.colegiopuertosol.net\/?page_id=19635","title":{"rendered":"Extraescolares"},"content":{"rendered":"\n<p><strong>Actividades extraescolares curso 23\/2<\/strong>4<\/p>\n\n\n\n<p>A continuaci\u00f3n les presentamos las diferentes actividades extraescolares ofertadas para el alumnado que est\u00e1 dado de alta en este servicio. Adem\u00e1s de las detalladas a continuaci\u00f3n podr\u00e1n asistir a balonmano, clases de preparaci\u00f3n para examen de Trinity, estudio (espacio habilitado y vigilado para el alumnado que necesite terminar tareas, estudiar&#8230;) y patio vigilado (estancia en el patio sin realizaci\u00f3n de actividad pudiendo hacer juego libre bajo vigilancia de monitores). <\/p>\n\n\n\n<p><\/p>\n\n\n\n<div class=\"wp-block-columns has-2-columns is-layout-flex wp-container-core-columns-is-layout-1 wp-block-columns-is-layout-flex\">\n<div class=\"wp-block-column is-layout-flow wp-block-column-is-layout-flow\">\n<p class=\"has-text-align-center has-very-light-gray-background-color has-background has-large-font-size\"><a href=\"https:\/\/colegiopuertosol.net\/wp\/?cat=25\">Ecotaller<\/a><\/p>\n\n\n\n<figure class=\"wp-block-image size-large\"><img loading=\"lazy\" decoding=\"async\" width=\"1024\" height=\"768\" src=\"http:\/\/old.colegiopuertosol.net\/wp-content\/uploads\/2020\/03\/WhatsApp-Image-2020-03-09-at-20.27.08-1024x768.jpeg\" alt=\"\" class=\"wp-image-24330\" srcset=\"https:\/\/old.colegiopuertosol.net\/wp-content\/uploads\/2020\/03\/WhatsApp-Image-2020-03-09-at-20.27.08-1024x768.jpeg 1024w, https:\/\/old.colegiopuertosol.net\/wp-content\/uploads\/2020\/03\/WhatsApp-Image-2020-03-09-at-20.27.08-300x225.jpeg 300w, https:\/\/old.colegiopuertosol.net\/wp-content\/uploads\/2020\/03\/WhatsApp-Image-2020-03-09-at-20.27.08-768x576.jpeg 768w, https:\/\/old.colegiopuertosol.net\/wp-content\/uploads\/2020\/03\/WhatsApp-Image-2020-03-09-at-20.27.08-1536x1152.jpeg 1536w, https:\/\/old.colegiopuertosol.net\/wp-content\/uploads\/2020\/03\/WhatsApp-Image-2020-03-09-at-20.27.08.jpeg 1600w\" sizes=\"auto, (max-width: 1024px) 100vw, 1024px\" \/><\/figure>\n\n\n\n<p class=\"has-very-light-gray-background-color has-background\">El ecotaller asienta sus principios en el reciclaje de materiales y su reutilizaci\u00f3n, siendo as\u00ed nuestro lema \u201ctodo tiene una segunda vida\u201d. Al emplear materiales de diversa naturaleza para<br>dise\u00f1ar peque\u00f1os proyectos y manualidades, el alumnado toma conciencia de la importancia que esto conlleva en la protecci\u00f3n y cuidado del medio ambiente.<br>El Huerto Escolar es un proyecto incluido dentro del Ecotaller, en el que el alumnado aprende aspectos b\u00e1sicos sobre siembra, cuidados o recolecci\u00f3n de las hortalizas cultivadas. La labor en el huerto requiere una implicaci\u00f3n cooperativa del alumnado para la consecuci\u00f3n de un objetivo com\u00fan. Adem\u00e1s, cada a\u00f1o participamos en el Encuentro de Huertos Escolares, una reuni\u00f3n en la que compartimos experiencias, mostramos nuestro huerto y damos a conocer nuestra labor y esfuerzo.<\/p>\n\n\n\n<p class=\"has-text-align-center has-very-light-gray-background-color has-background has-large-font-size\"><a href=\"http:\/\/old.colegiopuertosol.net\/?cat=191\">Taller creativo\ufeff<\/a><\/p>\n\n\n\n<figure class=\"wp-block-image\"><img decoding=\"async\" src=\"http:\/\/old.colegiopuertosol.net\/wp-content\/uploads\/2019\/03\/P_20190319_150913.jpg\" alt=\"\"\/><\/figure>\n\n\n\n<p class=\"has-very-light-gray-background-color has-background\">Taller creativo es una forma de expresar y fomentar la creatividad, as\u00ed como la imaginaci\u00f3n. Tratamos de que los alumnos expresen sus emociones y sentimientos con total libertad en cada uno de sus proyectos. Durante el curso, hacemos distintos talleres, los cuales ayudan a desarrollar sus cualidades cognitivas, as\u00ed como aprender a utilizar distintas t\u00e9cnicas (cart\u00f3n, goma eva, esgrafiado&#8230;)es una forma divertida de trabajar en grupo, aprender a compartir y sobre todo el ayudarnos unos a otros.    <\/p>\n\n\n\n<p class=\"has-text-align-center has-very-light-gray-background-color has-background has-large-font-size\"><a href=\"http:\/\/old.colegiopuertosol.net\/?cat=183\">Baile<\/a><\/p>\n\n\n<div class=\"wp-block-image\">\n<figure class=\"aligncenter is-resized\"><img loading=\"lazy\" decoding=\"async\" width=\"1024\" height=\"900\" src=\"http:\/\/old.colegiopuertosol.net\/wp-content\/uploads\/2019\/04\/WhatsApp-Image-2019-04-29-at-21.52.01-1024x900.jpeg\" alt=\"\" class=\"wp-image-21989\" style=\"width:276px;height:242px\" srcset=\"https:\/\/old.colegiopuertosol.net\/wp-content\/uploads\/2019\/04\/WhatsApp-Image-2019-04-29-at-21.52.01.jpeg 1024w, https:\/\/old.colegiopuertosol.net\/wp-content\/uploads\/2019\/04\/WhatsApp-Image-2019-04-29-at-21.52.01-300x264.jpeg 300w, https:\/\/old.colegiopuertosol.net\/wp-content\/uploads\/2019\/04\/WhatsApp-Image-2019-04-29-at-21.52.01-768x675.jpeg 768w\" sizes=\"auto, (max-width: 1024px) 100vw, 1024px\" \/><\/figure><\/div>\n\n\n<p class=\"has-very-light-gray-background-color has-background\">En el taller de Baile disfrutamos a diario del ritmo del flamenco y del moderno (a partir de 1\u00b0de primaria) .<br>\u00a1Pueden participar desde l@s m\u00e1s peque\u00f1@s de 3 a\u00f1os hasta los m\u00e1s mayores!<br>Tenemos numerosas actuaciones durante el curso: Navidad, D\u00eda de Andaluc\u00eda, parque de atracciones T\u00edvoli y Fin de Curso. Todo ello caracterizados con el vestuario necesario para cada actuaci\u00f3n.<br>Disfrutamos del ritmo moderno, sin olvidarnos de nuestras tradiciones, el baile flamenco.<br>Las coreograf\u00edas est\u00e1n elaboradas conjuntamente bailarin@s y profesora, ya que el alumnado es el principal protagonista de las mismas.<br><strong><em>Todo el universo tiene ritmo. Todo baila. (Maya Angelou)<\/em><\/strong><\/p>\n\n\n\n<p class=\"has-text-align-center has-very-light-gray-background-color has-background has-large-font-size\"><a href=\"http:\/\/old.colegiopuertosol.net\/?cat=184\">Danza<\/a><\/p>\n\n\n\n<figure class=\"wp-block-image\"><img loading=\"lazy\" decoding=\"async\" width=\"1024\" height=\"768\" src=\"http:\/\/old.colegiopuertosol.net\/wp-content\/uploads\/2019\/03\/IMG_5579-1024x768.jpg\" alt=\"\" class=\"wp-image-21511\" srcset=\"https:\/\/old.colegiopuertosol.net\/wp-content\/uploads\/2019\/03\/IMG_5579-1024x768.jpg 1024w, https:\/\/old.colegiopuertosol.net\/wp-content\/uploads\/2019\/03\/IMG_5579-300x225.jpg 300w, https:\/\/old.colegiopuertosol.net\/wp-content\/uploads\/2019\/03\/IMG_5579-768x576.jpg 768w\" sizes=\"auto, (max-width: 1024px) 100vw, 1024px\" \/><\/figure>\n\n\n\n<p class=\"has-very-light-gray-background-color has-background\">En el Taller de Danza se puede respirar tranquilidad y compa\u00f1erismo. Es una actividad en la que pueden participar desde l@s m\u00e1s peque\u00f1@s de 3 a\u00f1os hasta l@s m\u00e1s mayores.<br>A diario trabajamos ejercicios t\u00e9cnicos propios de la Danza Cl\u00e1sica, as\u00ed como la creaci\u00f3n de diferentes tipos de coreograf\u00edas.&nbsp;<br>Coreograf\u00edas que ser\u00e1n mostradas en la fiesta de Navidad y en Fin de Curso. Todo ello acompa\u00f1ado de atuendo caracter\u00edstico de la propia Danza.<br>Toda danza va acompa\u00f1ada de CREATIVIDAD, es por ello, que las coreograf\u00edas y la selecci\u00f3n de las piezas musicales se hace de manera conjunta. Pues l@s bailarin@s son los part\u00edcipes principales de la creaci\u00f3n de las coreograf\u00edas. Aportando ideas y trabajando de manera cooperativa con la profesora.<br><em><strong>La danza es el lenguaje secreto del alma (Martha Graham)<\/strong><\/em><\/p>\n\n\n\n<p class=\"has-text-align-center has-very-light-gray-background-color has-background has-large-font-size\"><a href=\"http:\/\/old.colegiopuertosol.net\/?cat=181\">Atletismo<\/a><\/p>\n\n\n\n<figure class=\"wp-block-image\"><img loading=\"lazy\" decoding=\"async\" width=\"1024\" height=\"768\" src=\"http:\/\/old.colegiopuertosol.net\/wp-content\/uploads\/2019\/05\/IMG_5647-1-1024x768.jpeg\" alt=\"\" class=\"wp-image-22123\" srcset=\"https:\/\/old.colegiopuertosol.net\/wp-content\/uploads\/2019\/05\/IMG_5647-1-1024x768.jpeg 1024w, https:\/\/old.colegiopuertosol.net\/wp-content\/uploads\/2019\/05\/IMG_5647-1-300x225.jpeg 300w, https:\/\/old.colegiopuertosol.net\/wp-content\/uploads\/2019\/05\/IMG_5647-1-768x576.jpeg 768w\" sizes=\"auto, (max-width: 1024px) 100vw, 1024px\" \/><\/figure>\n\n\n\n<p class=\"has-very-light-gray-background-color has-background\">En esta actividad trabajaremos las diferentes disciplinas de este deporte, tales como: velocidad, fondo, vallas, lanzamiento de peso, salto de longitud y relevos. Estas pruebas se llevar\u00e1n a competici\u00f3n en los Juegos Deportivos Municipales durante el curso, en la que nuestros atletas podr\u00e1n mostrar sus capacidades.Pueden participar desde los m\u00e1s peque\u00f1os de primaria hasta alumnos de la ESO.<\/p>\n\n\n\n<p class=\"has-text-align-center has-very-light-gray-background-color has-background has-large-font-size\"><a href=\"http:\/\/old.colegiopuertosol.net\/?cat=188\">F\u00fatbol<\/a><\/p>\n\n\n\n<figure class=\"wp-block-image\"><img loading=\"lazy\" decoding=\"async\" width=\"1024\" height=\"768\" src=\"http:\/\/old.colegiopuertosol.net\/wp-content\/uploads\/2019\/03\/IMG_5547-1024x768.jpeg\" alt=\"\" class=\"wp-image-21442\" srcset=\"https:\/\/old.colegiopuertosol.net\/wp-content\/uploads\/2019\/03\/IMG_5547-1024x768.jpeg 1024w, https:\/\/old.colegiopuertosol.net\/wp-content\/uploads\/2019\/03\/IMG_5547-300x225.jpeg 300w, https:\/\/old.colegiopuertosol.net\/wp-content\/uploads\/2019\/03\/IMG_5547-768x576.jpeg 768w\" sizes=\"auto, (max-width: 1024px) 100vw, 1024px\" \/><\/figure>\n\n\n\n<p class=\"has-very-light-gray-background-color has-background\">\u00a1En esta actividad se disfruta del f\u00fatbol sala de la mejor forma posible!Durante el curso se disputar\u00e1n partidos de liga interna as\u00ed como la famosa \u00abChampions League\u00bb que juegan nuestros alumnos.Adem\u00e1s, tambi\u00e9n disfrutamos de torneos triangulares en el que participan equipos formados por alumnos de diferentes cursos y grupos.<\/p>\n\n\n\n<p class=\"has-text-align-center has-very-light-gray-background-color has-background\" style=\"font-size:29px\">Multijuego<\/p>\n\n\n\n<p class=\"has-very-light-gray-background-color has-background\">Multijuego es una actividad que mezcla el multideporte con los juegos. Haremos gymkhanas, juegos cooperativos, juegos de relevo, circuitos de habilidad \u00bfEst\u00e1s preparado?<br><\/p>\n\n\n\n<p class=\"has-text-align-center has-very-light-gray-background-color has-background has-large-font-size\"><a href=\"http:\/\/old.colegiopuertosol.net\/?cat=185\">Patinaje<\/a><\/p>\n\n\n\n<figure class=\"wp-block-gallery has-nested-images columns-default is-cropped wp-block-gallery-1 is-layout-flex wp-block-gallery-is-layout-flex\">\n<figure class=\"wp-block-image size-large\"><img loading=\"lazy\" decoding=\"async\" width=\"995\" height=\"440\" src=\"http:\/\/old.colegiopuertosol.net\/wp-content\/uploads\/2019\/03\/patinaje-actividad-puertosol.png\" alt=\"\" class=\"wp-image-21507\" srcset=\"https:\/\/old.colegiopuertosol.net\/wp-content\/uploads\/2019\/03\/patinaje-actividad-puertosol.png 995w, https:\/\/old.colegiopuertosol.net\/wp-content\/uploads\/2019\/03\/patinaje-actividad-puertosol-300x133.png 300w, https:\/\/old.colegiopuertosol.net\/wp-content\/uploads\/2019\/03\/patinaje-actividad-puertosol-768x340.png 768w\" sizes=\"auto, (max-width: 995px) 100vw, 995px\" \/><\/figure>\n<\/figure>\n\n\n\n<p class=\"has-very-light-gray-background-color has-background\">La actividad de patinaje se realiza en la terraza de nuestro centro. All\u00ed se practican frenadas, giros, patinar de frente, de espaldas con la seguridad de las protecciones y el casco. Una vez conseguido avanzamos practicando y participando en los circuitos de habilidad de juegos deportivos municipales y mas adelante en carreras sobre patines. Aprendemos las diferentes modalidades como hockey o art\u00edstico y realizamos una coreograf\u00eda a final de curso. La primera parte de la clase se aprende la t\u00e9cnica que luego habr\u00e1 que usar en los juegos que se realizan. Juegos de equipo, cooperativos y sobre todo de desplazamiento para patinar mucho y aprender divirti\u00e9ndose. <\/p>\n<\/div>\n\n\n\n<div class=\"wp-block-column is-layout-flow wp-block-column-is-layout-flow\">\n<p class=\"has-text-align-center has-very-light-gray-background-color has-background has-large-font-size\"><a href=\"http:\/\/old.colegiopuertosol.net\/?cat=182\">Ajedrez<\/a><\/p>\n\n\n\n<figure class=\"wp-block-image\"><img loading=\"lazy\" decoding=\"async\" width=\"450\" height=\"298\" src=\"http:\/\/old.colegiopuertosol.net\/wp-content\/uploads\/2019\/03\/fopto-pagina.jpg\" alt=\"\" class=\"wp-image-21391\" srcset=\"https:\/\/old.colegiopuertosol.net\/wp-content\/uploads\/2019\/03\/fopto-pagina.jpg 450w, https:\/\/old.colegiopuertosol.net\/wp-content\/uploads\/2019\/03\/fopto-pagina-300x199.jpg 300w\" sizes=\"auto, (max-width: 450px) 100vw, 450px\" \/><\/figure>\n\n\n\n<p class=\"has-very-light-gray-background-color has-background\">Desde hace ya varios a\u00f1os nuestro centro esta apostando muy fuerte por el ajedrez escolar, y prueba de ello es que se dan clases desde Infantil hasta toda la primaria. La aceptaci\u00f3n entre nuestros alumnos es muy positiva, ya que aprenden matem\u00e1ticas con el ajedrez como herramienta educativa.Son muchos los beneficios que os ponemos citar pero en nuestras clases los m\u00e1s importantes es que aprenden a escuchar razonar y tomar decisiones.<\/p>\n\n\n\n<p class=\"has-text-align-center has-very-light-gray-background-color has-background has-large-font-size\"><a href=\"http:\/\/old.colegiopuertosol.net\/?cat=186\">Tecnolog\u00eda<\/a><\/p>\n\n\n\n<figure class=\"wp-block-image\"><img decoding=\"async\" src=\"http:\/\/old.colegiopuertosol.net\/wp-content\/uploads\/2019\/03\/IMG_20190312_145505.jpg\" alt=\"\"\/><\/figure>\n\n\n\n<p class=\"has-very-light-gray-background-color has-background\">El taller de tecnolog\u00eda es el lugar ideal para la gente curiosa, inquieta y con ganas de aprender. <br>En este espacio aprender\u00e1s a crear, inventar y solucionar problemas de la manera m\u00e1s ingeniosa. <br>Crear\u00e1s peque\u00f1os artilugios fabricados por ti mismo, aprender\u00e1s a trabajar con impresoras 3D, e incluso dise\u00f1ar\u00e1s tu propia p\u00e1gina web donde podr\u00e1s expresarte con todas las letras. <br>\u00a1Encontrar\u00e1s todo lo necesario para dar rienda suelta a tu imaginaci\u00f3n y creatividad! <\/p>\n\n\n\n<p class=\"has-text-align-center has-very-light-gray-background-color has-background has-large-font-size\"><a href=\"http:\/\/old.colegiopuertosol.net\/?cat=189\">Baloncesto<\/a><\/p>\n\n\n\n<figure class=\"wp-block-image\"><img loading=\"lazy\" decoding=\"async\" width=\"1024\" height=\"768\" src=\"http:\/\/old.colegiopuertosol.net\/wp-content\/uploads\/2019\/03\/IMG_5549-1024x768.jpeg\" alt=\"\" class=\"wp-image-21441\" srcset=\"https:\/\/old.colegiopuertosol.net\/wp-content\/uploads\/2019\/03\/IMG_5549-1024x768.jpeg 1024w, https:\/\/old.colegiopuertosol.net\/wp-content\/uploads\/2019\/03\/IMG_5549-300x225.jpeg 300w, https:\/\/old.colegiopuertosol.net\/wp-content\/uploads\/2019\/03\/IMG_5549-768x576.jpeg 768w\" sizes=\"auto, (max-width: 1024px) 100vw, 1024px\" \/><\/figure>\n\n\n\n<p class=\"has-very-light-gray-background-color has-background\">En la actividad de baloncesto fomentamos el compa\u00f1erismo, el respeto y la deportividad.Se trabajar\u00e1n durante el curso ejercicios de t\u00e9cnica individual (bote, pase, tiro, etc.) as\u00ed como ejercicios t\u00e1cticos (situaciones de partido) para que los alumnos disfruten de este maravilloso deporte.<\/p>\n\n\n\n<p class=\"has-text-align-center has-very-light-gray-background-color has-background has-large-font-size\">Laboratorio de ideas<\/p>\n\n\n\n<figure class=\"wp-block-image\"><img loading=\"lazy\" decoding=\"async\" width=\"1024\" height=\"683\" src=\"http:\/\/old.colegiopuertosol.net\/wp-content\/uploads\/2019\/03\/IMG_7246-1024x683.jpg\" alt=\"\" class=\"wp-image-21445\" srcset=\"https:\/\/old.colegiopuertosol.net\/wp-content\/uploads\/2019\/03\/IMG_7246-1024x683.jpg 1024w, https:\/\/old.colegiopuertosol.net\/wp-content\/uploads\/2019\/03\/IMG_7246-300x200.jpg 300w, https:\/\/old.colegiopuertosol.net\/wp-content\/uploads\/2019\/03\/IMG_7246-768x512.jpg 768w\" sizes=\"auto, (max-width: 1024px) 100vw, 1024px\" \/><\/figure>\n\n\n\n<p class=\"has-very-light-gray-background-color has-background\">Bienvenidos al Laboratorio de ideas! Aqu\u00ed la imaginaci\u00f3n no tiene fin! Taller dedicado a los mas mayores para dejar volar la imaginaci\u00f3n, crearemos scape room tem\u00e1ticos para que los dem\u00e1s compa\u00f1eros los puedan realizar, adaptaci\u00f3n de juegos a juegos gigantes, creaci\u00f3n de juegos de mesas con pruebas y normas creadas por nosotros mismos. \u00bfTe apuntas? <\/p>\n\n\n\n<p class=\"has-text-align-center has-very-light-gray-background-color has-background has-large-font-size\"><a href=\"http:\/\/old.colegiopuertosol.net\/?cat=21\">Teatro<\/a><\/p>\n\n\n\n<figure class=\"wp-block-gallery has-nested-images columns-default is-cropped wp-block-gallery-2 is-layout-flex wp-block-gallery-is-layout-flex\">\n<figure class=\"wp-block-image size-large\"><img loading=\"lazy\" decoding=\"async\" width=\"1024\" height=\"575\" src=\"http:\/\/old.colegiopuertosol.net\/wp-content\/uploads\/2019\/03\/IMG_20171220_143827_1-1024x575.jpg\" alt=\"\" class=\"wp-image-21444\" srcset=\"https:\/\/old.colegiopuertosol.net\/wp-content\/uploads\/2019\/03\/IMG_20171220_143827_1-1024x575.jpg 1024w, https:\/\/old.colegiopuertosol.net\/wp-content\/uploads\/2019\/03\/IMG_20171220_143827_1-300x168.jpg 300w, https:\/\/old.colegiopuertosol.net\/wp-content\/uploads\/2019\/03\/IMG_20171220_143827_1-768x431.jpg 768w\" sizes=\"auto, (max-width: 1024px) 100vw, 1024px\" \/><\/figure>\n<\/figure>\n\n\n\n<p class=\"has-very-light-gray-background-color has-background\">Esta actividad pretende fomentar la expresi\u00f3n de la emociones, mejorar la atenci\u00f3n y concentraci\u00f3n de los ni\u00f1os\/as, estimular la creatividad y la imaginaci\u00f3n, desarrollar la expresi\u00f3n corporal, fomentar el trabajo en equipo y favorece la socializaci\u00f3n.  <br>Todo esto lo realizaremos d\u00eda tras d\u00eda, con actividades como: las dramatizaciones de cuentos, improvisaciones, juegos de expresi\u00f3n, juegos de conocimiento del espacio y juegos para conocer y favorecer nuestras emociones.  Adem\u00e1s, a lo largo de todo el curso, realizaremos diferentes obras:  <br>* Una obra para navidad, donde cada ni\u00f1o\/a, adquirir\u00e1 un papel e ira  trabaj\u00e1ndolo hasta conseguir hacerlo suyo, para el d\u00eda de la  representaci\u00f3n. *La procesi\u00f3n de Semana  Santa del colegio, donde ensayaremos las diferentes partes de la  procesi\u00f3n y cada ni\u00f1o\/a representar\u00e1 un papel, para conseguir un   adecuado desarrollo de la procesi\u00f3n. * Para finalizar el  curso haremos una representaci\u00f3n teatral, donde cada ni\u00f1o\/a adquirir\u00e1 un  papel y lo ir\u00e1 ensayando, para poder representarlo en la actuaci\u00f3n de  fin de curso. Durante todo el curso  viviremos grandes momentos de emoci\u00f3n, diversi\u00f3n y  entusiasmo, para  poder reflexionar sobre nuestras actuaciones y conocer  m\u00e1s  profundamente nuestras emociones y sentimientos.  <br>\u201c<em><strong>El teatro es poes\u00eda que se sale del libro para hacerse humana.\u201d<\/strong><\/em> (Federico Garc\u00eda Lorca)  <\/p>\n\n\n\n<p class=\"has-text-align-center has-very-light-gray-background-color has-background has-large-font-size\"><a href=\"http:\/\/old.colegiopuertosol.net\/?cat=187\">Judo<\/a><\/p>\n\n\n\n<p class=\"has-very-light-gray-background-color has-background\"> El t\u00e9rmino japon\u00e9s puede traducirse como \u00abCamino de la flexibilidad\u00bb, influyendo el desarrollo mental y emocional a trav\u00e9s de la pr\u00e1ctica. Los practicantes de este arte marcial son denominados \u00abjudocas\u00bb.  <br>Como todos las artes marciales, el judo puede tener fama de deporte agresivo o peligroso, pero lo cierto es que su pr\u00e1ctica nos puede proporcionar m\u00faltiples beneficios, como aumentar nuestro nivel de psicomotricidad.   <br>El judo fue reconocido por la Unesco como uno de los deportes m\u00e1s completos para ni\u00f1os y j\u00f3venes. Muchos son los beneficios de practicar el judo, pues ayuda a mejorar la salud tanto f\u00edsica como ps\u00edquica favoreciendo adem\u00e1s el desarrollo del respeto por la integridad del otro y de uno mismo.  A nivel respiratorio es altamente beneficioso, ya que&nbsp;ense\u00f1a a respirar  mejor, a concentrarse en el ritmo de inhalaci\u00f3n y exhalaci\u00f3n. Por esa  raz\u00f3n, alivia trastornos como el asma, pues optimiza la ventilaci\u00f3n  pulmonar.  <br>Cuando los ni\u00f1os se apuntan por primera vez a judo, empiezan apracticar  la disciplina&nbsp;desde su nivel b\u00e1sico para ir, poco a poco, subiendo  niveles a medida que mejore su t\u00e9cnica. Esto es, existen una serie de  llaves dentro de cada color de cintur\u00f3n que, evidentemente, se complican  a medida que se superan los diferentes grados, tambi\u00e9n llamados&nbsp;<em>Kyus<\/em>.  En occidente,&nbsp;los grados establecidos son siete. Se empieza con el  cintur\u00f3n blanco para luego pasar al amarillo, naranja, verde, azul,  marr\u00f3n y, por \u00faltimo, negro. <\/p>\n\n\n\n<p class=\"has-text-align-center has-very-light-gray-background-color has-background\" style=\"font-size:31px\">Taller de arte<\/p>\n\n\n\n<p class=\"has-very-light-gray-background-color has-background\">\u00bf Te gusta dibujar y aprender diferentes t\u00e9cnicas? Pues este es tu taller, apto desde los m\u00e1s peques a los mas grandes , cada uno a su nivel. \u00a1Te esperamos!<\/p>\n\n\n\n<p class=\"has-background has-large-font-size\" style=\"background-color:#ebeced\">Complemento de ingl\u00e9s<\/p>\n\n\n\n<p class=\"has-background\" style=\"background-color:#ebeced\">Fun english! Mejoramos nuestro ingl\u00e9s a la vez que disfrutamos y nos divertimos mediante diferentes din\u00e1micas y juegos especialmente al aire libre y en equipo, apoy\u00e1ndonos en el aprendizaje cooperativo y fomentando la uni\u00f3n entre compa\u00f1eros y compa\u00f1eras. El aprendizaje y uso del ingl\u00e9s se llevar\u00e1 a cabo de forma natural y divertida con gymkhanas, c\u00f3digos secretos, manualidades, canciones, juegos o juegos deportivos. Todo ello enfocado a mejorar y ampliar nuestro vocabulario, gram\u00e1tica, expresi\u00f3n y comprensi\u00f3n oral. Tambi\u00e9n trabajamos de manera individual y realizamos diferentes actividades m\u00e1s espec\u00edficas centradas en un tema en concreto. En definitiva, una manera interiorizar y aprender el idioma de forma significativa y duradera.<\/p>\n\n\n\n<p class=\"has-background has-large-font-size\" style=\"background-color:#ebeced\">Complemento de ajedrez<\/p>\n\n\n\n<p class=\"has-background\" style=\"background-color:#ebeced\">\u00bf Quieres ser el nuevo campe\u00f3n de ajedrez? Explicaremos diferentes estrategias y movimientos para que puedas mejorar el nivel e introduciremos diferentes modalidades como del ajedrez como el come-come y las damas. Todo esto fomentando la concentraci\u00f3n ya que es importante en la toma de decisiones durante la partida. Podr\u00e1n ser individuales (uno contra uno) o cooperativas (dos contra dos) donde habr\u00e1 que ponerse de acuerdo a la hora de realizar los movimientos. Para finalizar, durante las clases realizaremos torneos y ligas donde alguien tendr\u00e1 la oportunidad de ser el ganador o ganadora del colegio en este deporte. \u00bf Est\u00e1s preparado?<\/p>\n<\/div>\n<\/div>\n","protected":false},"excerpt":{"rendered":"<p>Actividades extraescolares curso 23\/24 A continuaci\u00f3n les presentamos las diferentes actividades extraescolares ofertadas para el alumnado que est\u00e1 dado de alta en este servicio. Adem\u00e1s de las detalladas a continuaci\u00f3n podr\u00e1n asistir a balonmano, clases de preparaci\u00f3n para examen de Trinity, estudio (espacio habilitado y vigilado para el alumnado que necesite terminar tareas, estudiar&#8230;) y [&hellip;]<\/p>\n","protected":false},"author":1,"featured_media":0,"parent":0,"menu_order":0,"comment_status":"closed","ping_status":"closed","template":"","meta":{"footnotes":""},"class_list":["post-19635","page","type-page","status-publish","hentry"],"_links":{"self":[{"href":"https:\/\/old.colegiopuertosol.net\/index.php?rest_route=\/wp\/v2\/pages\/19635","targetHints":{"allow":["GET"]}}],"collection":[{"href":"https:\/\/old.colegiopuertosol.net\/index.php?rest_route=\/wp\/v2\/pages"}],"about":[{"href":"https:\/\/old.colegiopuertosol.net\/index.php?rest_route=\/wp\/v2\/types\/page"}],"author":[{"embeddable":true,"href":"https:\/\/old.colegiopuertosol.net\/index.php?rest_route=\/wp\/v2\/users\/1"}],"replies":[{"embeddable":true,"href":"https:\/\/old.colegiopuertosol.net\/index.php?rest_route=%2Fwp%2Fv2%2Fcomments&post=19635"}],"version-history":[{"count":82,"href":"https:\/\/old.colegiopuertosol.net\/index.php?rest_route=\/wp\/v2\/pages\/19635\/revisions"}],"predecessor-version":[{"id":38638,"href":"https:\/\/old.colegiopuertosol.net\/index.php?rest_route=\/wp\/v2\/pages\/19635\/revisions\/38638"}],"wp:attachment":[{"href":"https:\/\/old.colegiopuertosol.net\/index.php?rest_route=%2Fwp%2Fv2%2Fmedia&parent=19635"}],"curies":[{"name":"wp","href":"https:\/\/api.w.org\/{rel}","templated":true}]}}