{"id":1075,"date":"2010-10-26T10:50:11","date_gmt":"2010-10-26T10:50:11","guid":{"rendered":"http:\/\/www.colegiopuertosol.es\/wp\/?page_id=1075"},"modified":"2022-02-15T08:43:11","modified_gmt":"2022-02-15T08:43:11","slug":"contacto","status":"publish","type":"page","link":"https:\/\/old.colegiopuertosol.net\/?page_id=1075","title":{"rendered":"Contacto"},"content":{"rendered":"<p>COLEGIO PUERTOSOL.<\/p>\n<p>C\/ ZARZAMORA, 23.<\/p>\n<p>Urbanizaci\u00f3n Puertosol.<\/p>\n<p>29190. Puerto de la Torre.\u00a0 M\u00e1laga<\/p>\n<p>Tlf:\u00a0 952432008-952431054.<\/p>\n<p>Fax: 952438177.<\/p>\n<p>Correo electr\u00f3nico de Secretar\u00eda: colegiopuertosol@colegiopuertosol.net<\/p>\n<p>Actividades Extraescolares: evamgomez@colegiopuertosol.net<\/p>\n<h4><strong>ABSTENERSE ENV\u00cdO DE\u00a0 CURRICULUMS VITAE .<\/strong><\/h4>\n<p>Para env\u00edo de candidaturas usen la secci\u00f3n <a href=\"https:\/\/colegiopuertosol.net\/wp\/?p=24705\">TRABAJA CON NOSOTROS<\/a><\/p>\n<p>Al contactar con COLEGIO PUERTOSOL. (DUMIN S.A.). el usuario se considera informado y acepta la POL\u00cdTICA DE PRIVACIDAD y el AVISO LEGAL que existe en este sitio web y consiente expresamente a que COLEGIO PUERTOSOL. (DUMIN S.A.) trate sus datos de car\u00e1cter personal en un fichero inscrito en el Registro General de Protecci\u00f3n de Datos, cuya finalidad es el env\u00edo de informaci\u00f3n a toda nuestra \u00a0comunidad escolar.<\/p>\n","protected":false},"excerpt":{"rendered":"<p>COLEGIO PUERTOSOL. C\/ ZARZAMORA, 23. Urbanizaci\u00f3n Puertosol. 29190. Puerto de la Torre.\u00a0 M\u00e1laga Tlf:\u00a0 952432008-952431054. Fax: 952438177. Correo electr\u00f3nico de Secretar\u00eda: colegiopuertosol@colegiopuertosol.net Actividades Extraescolares: evamgomez@colegiopuertosol.net ABSTENERSE ENV\u00cdO DE\u00a0 CURRICULUMS VITAE . Para env\u00edo de candidaturas usen la secci\u00f3n TRABAJA CON NOSOTROS Al contactar con COLEGIO PUERTOSOL. (DUMIN S.A.). el usuario se considera informado y acepta [&hellip;]<\/p>\n","protected":false},"author":1,"featured_media":0,"parent":0,"menu_order":0,"comment_status":"closed","ping_status":"closed","template":"","meta":{"footnotes":""},"class_list":["post-1075","page","type-page","status-publish","hentry"],"_links":{"self":[{"href":"https:\/\/old.colegiopuertosol.net\/index.php?rest_route=\/wp\/v2\/pages\/1075","targetHints":{"allow":["GET"]}}],"collection":[{"href":"https:\/\/old.colegiopuertosol.net\/index.php?rest_route=\/wp\/v2\/pages"}],"about":[{"href":"https:\/\/old.colegiopuertosol.net\/index.php?rest_route=\/wp\/v2\/types\/page"}],"author":[{"embeddable":true,"href":"https:\/\/old.colegiopuertosol.net\/index.php?rest_route=\/wp\/v2\/users\/1"}],"replies":[{"embeddable":true,"href":"https:\/\/old.colegiopuertosol.net\/index.php?rest_route=%2Fwp%2Fv2%2Fcomments&post=1075"}],"version-history":[{"count":14,"href":"https:\/\/old.colegiopuertosol.net\/index.php?rest_route=\/wp\/v2\/pages\/1075\/revisions"}],"predecessor-version":[{"id":24713,"href":"https:\/\/old.colegiopuertosol.net\/index.php?rest_route=\/wp\/v2\/pages\/1075\/revisions\/24713"}],"wp:attachment":[{"href":"https:\/\/old.colegiopuertosol.net\/index.php?rest_route=%2Fwp%2Fv2%2Fmedia&parent=1075"}],"curies":[{"name":"wp","href":"https:\/\/api.w.org\/{rel}","templated":true}]}}